{"id":1325,"date":"2020-12-04T16:45:36","date_gmt":"2020-12-04T14:45:36","guid":{"rendered":"https:\/\/demo.logic.ee\/kohimo\/referentside-arhiiv\/"},"modified":"2022-03-17T10:15:56","modified_gmt":"2022-03-17T08:15:56","slug":"referentside-arhiiv","status":"publish","type":"page","link":"https:\/\/kohimo.ee\/en\/referentside-arhiiv\/","title":{"rendered":"Executed works"},"content":{"rendered":"<h2>2019-2022<\/h2>\n<p>2022<br \/>\n<strong>POL \u2013 Aviation Fuel Storage Facility, \u00c4mari, Estonia<\/strong><br \/>\nManufacturing and installation of fuel storage tanks V = 250m3 (8pcs)<br \/>\nCustomer: O\u00dc ASTLANDA EHITUS<\/p>\n<p>2021 &#8211; 2022<br \/>\n<strong>VKG OIL AS, Kohtla-J\u00e4rve<\/strong><br \/>\nPlant Petroter II column 2\u041a-202 fabrication, delivery, installation and connection with technological process schemes<\/p>\n<p><strong>VKG OIL AS, Kohtla-J\u00e4rve<\/strong><br \/>\nPlant Petroter II column 3\u041a-202 fabrication, delivery, installation and connection with technological process schemes <\/p>\n<p>2021<br \/>\n<strong>Graanul Biotech O\u00dc, Imavere<\/strong><br \/>\nFabrication, delivery to the plant and installation of 12 tanks  V = 300\u00f7550m3 and service metal structures<\/p>\n<p>2021<br \/>\n<strong>Tankfarm Kotka Tank Storage Oy (Finland)<\/strong><br \/>\nInstallation of piping lines (estimated length 2200 run\/m) from the underground storage of oil products in the direction of the quay; installation of support structures<\/p>\n<p><strong>HYBRID ENERGY AS, Norway<\/strong><br \/>\nFabrication, assembly and delivery of Separators (LP Tank) 2pcs, Receivers (HP Tank) 2pcs, Frames 3pcs, skid pipes and large equipment<\/p>\n<p><strong>PIGIPADA O\u00dc<\/strong><br \/>\nFabrication, corrosive protection, insulation and transportation of two steel tanks V=110m3 for the storing of bitumen<\/p>\n<p><strong>ALEXELA Logistics AS, Terminal Sillam\u00e4e<\/strong><br \/>\nReplacement of heating registers of 2 tanks V=1500m3; fabrication and installation works, repair.   <\/p>\n<p><strong>ALEXELA Logistics AS, Terminal Paldiski<\/strong><br \/>\nRepair and reconstruction chemical pipelines, thermal oil boiler house.<br \/>\nReplacement of pipelines of fire system petrooleum estacade;<br \/>\nmetalworks on the quay no 7: installation of stender, oil station and pipelines<br \/>\nReplacement of collectors \u041a-1 \u00f7 \u041a-5, \u0420\u041c-18, \u0420\u041c-22, \u0420\u041c-23,\u0420\u041c-29<\/p>\n<p><strong>\u0412\u0421\u0422 Terminal, Muuga Port<\/strong><br \/>\nRepair works on Tank no \u0422-201. <\/p>\n<p>2019-2020<br \/>\n<strong>W\u00e4rtsil\u00e4 Oy, Finland<\/strong><br \/>\nFabrication, assembly and delivery of modular blocks<\/p>\n<p>2019 -2021<br \/>\n<strong>Wibax Tank AS (Baltic Tank AS) mahutipark<br \/>\nTank S1 V = 8000m3 designing, replacement of the bottom<br \/>\nTank S4 V = 8000m3 designing, repair of the bottom<br \/>\nTank S7 V = 8000m3 designing, replacement of the bottom<br \/>\nTank S2 V = 8000m3 designing, replacement of the bottom<\/p>\n<p>2019<br \/>\n<strong>SCANWELD AS<\/strong><br \/>\nFabrication of Granulator, 1pc<\/p>\n<p><strong>KKT OIL O\u00dc<\/strong><br \/>\nFabrication and erection Defenol installation mixer tanks  V=25m3 (5pcs) <\/p>\n<p><strong> NESTE EESTI AS<\/strong><br \/>\nDelivery and installation of inter pontoon Vaconodeck for the Tank no. \u0422-3 (D=20m)<\/p>\n<p><strong>Vara Saeveski O\u00dc katlamaja<\/strong><br \/>\nDesigning, fabrication, transport, unloading and erection 50m3  accumulatative tank <\/p>\n<h2>2015-2019<\/h2>\n<p>2017-2019<br \/>\n<strong>Tankfarm Terminal Sillam\u00e4e AS, port of Sillam\u00e4e<\/strong><br \/>\nFabrication and erection of two double shell tanks for the storing of liquid ammonia \u2013 each V-30000 tons and service metal structures with anticorrosive protection and insulation works.<br \/>\nCUSTOMER: Terminal Sillam\u00e4e AS<\/p>\n<p>2018<br \/>\n<strong>ALEXELA TERMINAL AS, Tankfarm \u21162 , Paldiski<\/strong><br \/>\nReplacement foam- fire extinguishing system of the Tankfarm; Delivery and erection of metal structures, pipelines; installation of valves and equipment.<br \/>\nCUSTOMER: ALEXELA TERMINAL AS<\/p>\n<p>2018<br \/>\n<strong>ALEXELA TERMINAL AS, Tankfarm Paldiski<\/strong><br \/>\nPiping lines \u041a-1\u00f7\u041a-5 repair works.delivery and erection of service metal structures<br \/>\nCUSTOMER: ALEXELA TERMINAL AS<\/p>\n<p>2018<br \/>\n<strong>ALEXELA TERMINAL AS, Tankfarm Sillam\u00e4e<\/strong><br \/>\nDelivery and erection of support metal structures, pipelines, valves and equipment; delivery and erection of manifold<br \/>\nCUSTOMER: ALEXELA TERMINAL AS<\/p>\n<p>2018<br \/>\n<strong>Tankfarm Terminal Sillam\u00e4e AS, port of Sillam\u00e4e<\/strong><br \/>\nConstruction of bassement for supporting the export pipelines and meta structures (fabrication and erection)<br \/>\nCUSTOMER: Terminal Sillam\u00e4e AS<\/p>\n<p>2018<br \/>\n<strong>Tankfarm Terminal Sillam\u00e4e AS, port of Sillam\u00e4e<\/strong><br \/>\nDelivery and erection of metal structures of flare and service metal structures<br \/>\nCUSTOMER: Terminal Sillam\u00e4e AS<\/p>\n<p>2018<br \/>\n<strong>Tankfarm Oiltanking Tallinn AS, port of Muuga<\/strong><br \/>\nFabrication and erection of service metal structures for tanks \u2116\u2116.24, 25, 26<br \/>\nCUSTOMER: Oiltanking Tallinn AS<\/p>\n<p>2015-2016<br \/>\n<strong>Tankfarm Eesti Energia \u00d5lit\u00f6\u00f6stus AS<\/strong><br \/>\nFabrication and erection of tank \u0421\u0415\u0421\u041c-\u0410, V = 10000 m3 and service metal structures; insulation works.<br \/>\nCUSTOMER: Eesti Energia \u00d5lit\u00f6\u00f6stus AS<\/p>\n<p>2016<br \/>\n<strong>Industrial base Select Service O\u00dc Tsirguliina, Valga<\/strong><br \/>\nFabrication and erection of tanks V = 1500 m3 x 2pcs and service metal structures; insulation works.<br \/>\nCUSTOMER: Select Service O\u00dc<\/p>\n<p>2016<br \/>\n<strong>ALEXELA TERMINAL AS, Tankfarm \u21161 (II stage), Paldiski<\/strong><br \/>\nReplacement foam- fire extinguishing system of the Tankfarm; Delivery and erection of metal structures, pipelines; installation of valves and equipment.<br \/>\nCUSTOMER: ALEXELA TERMINAL AS<\/p>\n<p>2017<br \/>\n<strong>ALEXELA TERMINAL AS, Tankfarm Paldiski<\/strong><br \/>\nAlkylate installation. Delivery and erection of metal structures, pipelines; installation of valves and equipment.<br \/>\nCUSTOMER: Rae Ehitus O\u00dc<\/p>\n<p>2017<br \/>\n<strong>ALEXELA TERMINAL AS, Tankfarm Paldiski<\/strong><br \/>\nPiping lines \u0415\u041d-5, \u041a-7\u00f7\u041a-10 repair works. Delivery and erection of pipe-collector and servicing structures of trestle.<br \/>\nCUSTOMER: ALEXELA TERMINAL AS<\/p>\n<p>2017<br \/>\n<strong>Tankfarm Eesti Energia \u00d5lit\u00f6\u00f6stus AS<\/strong><br \/>\nFabrication and erection of tank \u0421\u0415\u0421\u041c-\u0410, V = 10000 m3 and service metal structures and pipelines; insulation works.<br \/>\nCUSTOMER: Enefit Energiatootmine AS<\/p>\n<p>2017<br \/>\n<strong>Tankfarm Eesti Energia \u00d5lit\u00f6\u00f6stus AS<\/strong><br \/>\nDismounting of tank V=300m3, fabrication and erection of tank, V = 400 m3 with service metal structures<br \/>\nCUSTOMER: Enefit Energiatootmine AS<\/p>\n<p>2017<br \/>\n<strong>Tankfarm Oiltanking Tallinn AS, port of Muuga<\/strong><br \/>\nFabrication and erection of metal structures of folding bridges, 27 sets<br \/>\nCUSTOMER: Oiltanking Tallinn AS<\/p>\n<p>2017-2018<br \/>\n<strong>PIGIPADA O\u00dc<\/strong><br \/>\nFabrication, corrosive protection and transportation of two steel tanks for the storing of bitumen<br \/>\nCUSTOMER: PIGIPADA O\u00dc<\/p>\n<p>&nbsp;<\/p>\n<h2>2012-2015<\/h2>\n<p>2012<br \/>\n<strong>AS Eesti Energia \u00d5lit\u00f6\u00f6stus, Auvere k\u00fcla, Vaivara vald, Ida-Virumaa<\/strong><br \/>\nShale oil condesation unit. Enefit-280 Eesti Energia \u00d5lit\u00f6\u00f6stus AS. Delivery and erection of support and service metal structures, technological pipelines and equipment<\/p>\n<p>2013<br \/>\n<strong>Viru Keemia Grupp AS, Kohtla-J\u00e4rve<\/strong><br \/>\nCondesation unit PETROTER II. Delivery and erection of support and service metal structures, technological pipelines; installation of valves and equipment<\/p>\n<p>2013<br \/>\n<strong>Kivi\u00f5li Keemiat\u00f6\u00f6stuse AS, Kivi\u00f5li, Ida-Virumaa<\/strong><br \/>\nManufacturing and erection of support under the pipelines, erection of the technological pipelines with tests, erection of equipment, anticorrosive protection<\/p>\n<p>2014<br \/>\n<strong>ALEXELA TERMINAL AS, Paldiski<\/strong><br \/>\nGas removal system in the Tank farm. Manufacturing, anticorrosive protection and erection of support metal structures, technological pipelines and valves<\/p>\n<p>2014 &#8211; 2015<br \/>\n<strong>Viru Keemia Grupp AS, Kohtla-J\u00e4rve<\/strong><br \/>\nCondesation unit PETROTER III. Delivery and erection of support and service metal structures, technological pipelines; installation of valves and equipment<\/p>\n<p>2015<br \/>\n<strong>Viru Keemia Grupp AS, Kohtla-J\u00e4rve<\/strong><br \/>\nFeed slate system of PETROTER 1, 2, 3. Manufacturing, anticorrosive protection and erection of support, technological (conveyors) and service metal structures, installation of equipment<\/p>\n<p>2015<br \/>\n<strong>ALEXELA TERMINAL AS, Paldiski<\/strong><br \/>\nTank farm no.1. Replacement foam- fire extinguishing system of the Tank farm; Delivery and erection of metal structures, pipelines; installation of valves and equipment<\/p>\n<p>2015<br \/>\n<strong>AS Eesti Energia Tehnoloogiat\u00f6\u00f6stus, Narva<\/strong><br \/>\nManufacturing and delivery of support structures for power blocks no. 3\u00f78 (146,9 ton)<\/p>\n<p>2015<br \/>\n<strong>AS Eesti Energia \u00d5lit\u00f6\u00f6stus, Auvere k\u00fcla, Vaivara vald, Ida-Virumaa<\/strong><br \/>\nFabrication and erection of tank \u0421\u0415\u0421\u041c-\u0410, V = 10 000 m3 and service metal structures; insulation works<\/p>\n<h2>2006-2011<\/h2>\n<p>2005-2006<br \/>\n<strong>PETKAM AS<\/strong><br \/>\nTank farm, Fabrication and erection of metal structures of tanks<br \/>\nV \u2013 1000 m3 x 4 pcs<\/p>\n<p>2006<br \/>\n<strong>ARSACO AS<\/strong><br \/>\nTank farm, Fabrication and erection of metal structures of tanks<br \/>\nPump-house, V \u2013 1000 m3 x 10 pcs., pump-house, railway trestle<br \/>\nRailway trestle, delivery and erection of pipelines.<\/p>\n<p>2006-2007<br \/>\n<strong>AS Baltic Tank<\/strong><br \/>\nTank farm, Fabrication and erection of metal structures of tanks<br \/>\nPipelines, V \u2013 1000 m3 x 11 pcs; delivery and erection of pipelines.<\/p>\n<p>2006<br \/>\n<strong>AS Frelok<\/strong><br \/>\nWarehouse, Fabrication and erection of metal structures of warehouse<br \/>\nS \u2013 2000m2 x 1 pcs.<\/p>\n<p>2006-2007<br \/>\n<strong>Rodev\u00e4lja Terminal O\u00dc<\/strong><br \/>\nTank farm Rodev\u00e4lja, Reconstruction of Tanks V-1000m3 x 5 pcs. Fabrication and erection of metal structures for tanks. Manufacturing and erection of support metal-works under the pipelines, erection of the technological pipelines with tests, anticorrosive protection<\/p>\n<p>2007<br \/>\n<strong>AS Avektra (General Contractor)<\/strong><br \/>\nRefrigerating building, Construction of office-producing complex of refrigerating building with producing area 800 m2.<\/p>\n<p>2007<br \/>\n<strong>AS APL Production<\/strong><br \/>\nTank farm, Fabrication and erection of metal structures of tanks V\u2013140m3 x 4 pcs<\/p>\n<p>2007-2008<br \/>\n<strong>KOGER &amp; PARTNERID AS<\/strong><br \/>\nTank farm ALEXELA TERMINAL AS, Fabrication and erection of metal structures of tanks V-30000m3 ? 3 pcs and pump-house<br \/>\nTanks V-30000m3, 3 pcs, Manufacturing and erection of support metal-works under the pipelines, erection of the technological pipelines, erection of the equipment with tests, anticorrosive protection<\/p>\n<p>2009<br \/>\n<strong>Eesti Energia \u00d5lit\u00f6\u00f6stus Narva<\/strong><br \/>\nWarehouse of shale oils, Building of tank V-12 000m3 for warehouse of shale oils (General Contractor)<\/p>\n<p>2008-2010<br \/>\n<strong>Eesti Aviok\u00fctuse Teenuste AS<\/strong><br \/>\nTallinn Airport Fuel Terminal. Airplanes Fuel JET A-1 storage and loading unit relocation, reconstruction on Tallinn Airport Fuel Terminal territory (General Contractor)<\/p>\n<p>2009-2010<br \/>\n<strong>VESTA TERMINAL TALLINN O\u00dc<\/strong><br \/>\nVESTA TERMINAL, Procurement and erection of Tanks V-12 500 m3 ? 8 pcs with anticorrosive protection and insulation<\/p>\n<p>2009-2010<br \/>\n<strong>VESTA TERMINAL<\/strong><br \/>\nVESTA TERMINAL, Procurement and erection of technological pipelines of Tank farm, support metal-works, manifold pump-house, erection of pump-house equipment<\/p>\n<p>2010<br \/>\n<strong>Neste Eesti AS<\/strong><br \/>\nTank farm Neste Eesti AS, Tank farm Foam Fire Fighting System \u2013 procurement and erection<\/p>\n<p>2010<br \/>\n<strong>KOGER &amp; PARTNERID AS<\/strong><br \/>\nAS ALEXELA SILLAM\u00c4E, Procurement and erection of Tanks V-30 000 m3 ? 3 pcs with anticorrosive protection<\/p>\n","protected":false},"excerpt":{"rendered":"<p>2019-2022 2022 POL \u2013 Aviation Fuel Storage Facility, \u00c4mari, Estonia Manufacturing and installation of fuel storage tanks V = 250m3 (8pcs) Customer: O\u00dc ASTLANDA EHITUS 2021 &#8211; 2022 VKG OIL AS, Kohtla-J\u00e4rve Plant Petroter II column 2\u041a-202 fabrication, delivery, installation and connection with technological process schemes VKG OIL AS, Kohtla-J\u00e4rve Plant Petroter II column 3\u041a-202&#8230;  <a class=\"excerpt-read-more\" href=\"https:\/\/kohimo.ee\/en\/referentside-arhiiv\/\" title=\"Read Executed works\">Read more &raquo;<\/a><\/p>\n","protected":false},"author":1,"featured_media":0,"parent":0,"menu_order":0,"comment_status":"closed","ping_status":"closed","template":"","meta":{"footnotes":""},"class_list":["post-1325","page","type-page","status-publish","hentry"],"_links":{"self":[{"href":"https:\/\/kohimo.ee\/en\/wp-json\/wp\/v2\/pages\/1325","targetHints":{"allow":["GET"]}}],"collection":[{"href":"https:\/\/kohimo.ee\/en\/wp-json\/wp\/v2\/pages"}],"about":[{"href":"https:\/\/kohimo.ee\/en\/wp-json\/wp\/v2\/types\/page"}],"author":[{"embeddable":true,"href":"https:\/\/kohimo.ee\/en\/wp-json\/wp\/v2\/users\/1"}],"replies":[{"embeddable":true,"href":"https:\/\/kohimo.ee\/en\/wp-json\/wp\/v2\/comments?post=1325"}],"version-history":[{"count":10,"href":"https:\/\/kohimo.ee\/en\/wp-json\/wp\/v2\/pages\/1325\/revisions"}],"predecessor-version":[{"id":1782,"href":"https:\/\/kohimo.ee\/en\/wp-json\/wp\/v2\/pages\/1325\/revisions\/1782"}],"wp:attachment":[{"href":"https:\/\/kohimo.ee\/en\/wp-json\/wp\/v2\/media?parent=1325"}],"curies":[{"name":"wp","href":"https:\/\/api.w.org\/{rel}","templated":true}]}}