{"id":649,"date":"2020-10-14T16:41:58","date_gmt":"2020-10-14T13:41:58","guid":{"rendered":"https:\/\/demo.logic.ee\/kohimo\/?page_id=649"},"modified":"2024-10-09T15:51:01","modified_gmt":"2024-10-09T12:51:01","slug":"certificates","status":"publish","type":"page","link":"https:\/\/kohimo.ee\/en\/certificates\/","title":{"rendered":"Sertifikaadid"},"content":{"rendered":"<p><a href=\"http:\/\/kohimo.ee\/wp-content\/uploads\/2024\/10\/1090.pdf\">1090<\/a><a href=\"http:\/\/kohimo.ee\/wp-content\/uploads\/2024\/10\/3834.pdf\">3834<\/a><a href=\"http:\/\/kohimo.ee\/wp-content\/uploads\/2024\/10\/241743-kohimo-engineering-ou-iso-450012018-za-24-englisch-hzert-24-js-pdf-1.pdf\">241743_Kohimo Engineering O\u00dc_ISO 45001.2018_ZA 24_Englisch_HZERT_24_JS_PDF<\/a><a href=\"http:\/\/kohimo.ee\/wp-content\/uploads\/2024\/10\/241743-kohimo-engineering-ou-qm-za-24-englisch-hzert-24-js-pdf-1.pdf\">241743_Kohimo Engineering O\u00dc_QM ZA 24_Englisch_HZERT_24_JS_PDF<\/a><a href=\"http:\/\/kohimo.ee\/wp-content\/uploads\/2024\/10\/241743-kohimo-engineering-ou-um-za-24-englisch-hzert-24-js-pdf-1.pdf\">241743_Kohimo Engineering O\u00dc_UM ZA 24_Englisch_HZERT_24_JS_PDF<\/a><\/p>\n","protected":false},"excerpt":{"rendered":"<p>10903834241743_Kohimo Engineering O\u00dc_ISO 45001.2018_ZA 24_Englisch_HZERT_24_JS_PDF241743_Kohimo Engineering O\u00dc_QM ZA 24_Englisch_HZERT_24_JS_PDF241743_Kohimo Engineering O\u00dc_UM ZA 24_Englisch_HZERT_24_JS_PDF<\/p>\n","protected":false},"author":1,"featured_media":0,"parent":0,"menu_order":0,"comment_status":"closed","ping_status":"closed","template":"templates\/template-certificates.php","meta":{"footnotes":""},"class_list":["post-649","page","type-page","status-publish","hentry"],"_links":{"self":[{"href":"https:\/\/kohimo.ee\/en\/wp-json\/wp\/v2\/pages\/649","targetHints":{"allow":["GET"]}}],"collection":[{"href":"https:\/\/kohimo.ee\/en\/wp-json\/wp\/v2\/pages"}],"about":[{"href":"https:\/\/kohimo.ee\/en\/wp-json\/wp\/v2\/types\/page"}],"author":[{"embeddable":true,"href":"https:\/\/kohimo.ee\/en\/wp-json\/wp\/v2\/users\/1"}],"replies":[{"embeddable":true,"href":"https:\/\/kohimo.ee\/en\/wp-json\/wp\/v2\/comments?post=649"}],"version-history":[{"count":8,"href":"https:\/\/kohimo.ee\/en\/wp-json\/wp\/v2\/pages\/649\/revisions"}],"predecessor-version":[{"id":1954,"href":"https:\/\/kohimo.ee\/en\/wp-json\/wp\/v2\/pages\/649\/revisions\/1954"}],"wp:attachment":[{"href":"https:\/\/kohimo.ee\/en\/wp-json\/wp\/v2\/media?parent=649"}],"curies":[{"name":"wp","href":"https:\/\/api.w.org\/{rel}","templated":true}]}}